{"id":2729,"date":"2017-12-13T14:29:39","date_gmt":"2017-12-13T14:29:39","guid":{"rendered":"http:\/\/kastell.mikado-themes.com\/?page_id=2729"},"modified":"2025-11-10T14:22:09","modified_gmt":"2025-11-10T14:22:09","slug":"projeler","status":"publish","type":"page","link":"https:\/\/rizmir.com\/index.php\/property\/projeler\/","title":{"rendered":"Projeler"},"content":{"rendered":"<div class=\"wpb-content-wrapper\"><p>[vc_row row_content_width=&#8221;grid&#8221; css=&#8221;.vc_custom_1513851833266{padding-bottom: 40px !important;}&#8221;][vc_column]<div class=\"mkdf-property-list-holder mkdf-pl-gallery mkdf-normal-space mkdf-pl-two-columns mkdf-pl-standard-shader    mkdf-pl-pag-no-pagination     \"  data-type=gallery data-number-of-columns=2 data-space-between-items=normal data-number-of-items=6 data-image-proportions=full data-enable-fixed-proportions=no data-enable-image-shadow=no data-orderby=date data-order=ASC data-item-style=standard-shader data-enable-title=yes data-title-tag=h3 data-enable-separator=no data-enable-category=yes data-enable-count-images=yes data-enable-excerpt=yes data-excerpt-length=100 data-pagination-type=no-pagination data-filter=no data-filter-order-by=name data-enable-article-animation=no data-property-slider-on=no data-enable-loop=yes data-enable-autoplay=yes data-slider-speed=5000 data-slider-speed-animation=600 data-enable-navigation=yes data-enable-pagination=yes data-max-num-pages=1 data-next-page=2>\n\t\t<div class=\"mkdf-pl-inner mkdf-outer-space  clearfix\">\n\t\t<article class=\"mkdf-pl-item mkdf-item-space  post-985 property-item type-property-item status-publish has-post-thumbnail hentry property-category-cigli-izmir\">\n\t<div class=\"mkdf-pl-item-inner\">\n\t\t<div class=\"mkdf-pli-image\">\n\t<img loading=\"lazy\" decoding=\"async\" width=\"2560\" height=\"1920\" src=\"https:\/\/rizmir.com\/wp-content\/uploads\/2025\/10\/sunrezidansitem-scaled.png\" class=\"attachment-full size-full wp-post-image\" alt=\"\" srcset=\"https:\/\/rizmir.com\/wp-content\/uploads\/2025\/10\/sunrezidansitem-scaled.png 2560w, https:\/\/rizmir.com\/wp-content\/uploads\/2025\/10\/sunrezidansitem-300x225.png 300w, https:\/\/rizmir.com\/wp-content\/uploads\/2025\/10\/sunrezidansitem-1024x768.png 1024w, https:\/\/rizmir.com\/wp-content\/uploads\/2025\/10\/sunrezidansitem-768x576.png 768w, https:\/\/rizmir.com\/wp-content\/uploads\/2025\/10\/sunrezidansitem-1536x1152.png 1536w, https:\/\/rizmir.com\/wp-content\/uploads\/2025\/10\/sunrezidansitem-600x450.png 600w\" sizes=\"auto, (max-width: 2560px) 100vw, 2560px\" \/>\n    \t\t<div class=\"mkdf-pli-category-holder\">\n\t\t\t\t\t\t\t<a itemprop=\"url\" class=\"mkdf-pli-category\" href=\"https:\/\/rizmir.com\/index.php\/property-category\/cigli-izmir\/\">\u00c7\u0130\u011eL\u0130 \/ \u0130ZM\u0130R<\/a>\n\t\t\t\t\t<\/div>\n\t    <\/div>\n<div class=\"mkdf-pli-text-holder\">\n\t<div class=\"mkdf-pli-text-wrapper\">\n\t\t<div class=\"mkdf-pli-text\">\n\t\t\t\t<h3 itemprop=\"name\" class=\"mkdf-pli-title entry-title\" >\n\t\tSun Rezidans\t<\/h3>\n\n            \n\t\t\t\n\t\t\t\t<p itemprop=\"description\" class=\"mkdf-pli-excerpt\">Modern mimari ile ya\u015fam konforunun kesi\u015fim adresi. 45 Daire + d\u00fckkanlar ile Sun Rezidans projesin<\/p>\n\t\t<\/div>\n\t<\/div>\n<\/div>\t\t\n\t\t<a itemprop=\"url\" class=\"mkdf-pli-link mkdf-block-drag-link\" href=\"https:\/\/rizmir.com\/index.php\/property-item\/sun-rezidans\/\" target=\"_self\"><\/a>\n\t<\/div>\n<\/article><article class=\"mkdf-pl-item mkdf-item-space  post-2990 property-item type-property-item status-publish has-post-thumbnail hentry property-category-seyrek-izmir\">\n\t<div class=\"mkdf-pl-item-inner\">\n\t\t<div class=\"mkdf-pli-image\">\n\t<img loading=\"lazy\" decoding=\"async\" width=\"596\" height=\"496\" src=\"https:\/\/rizmir.com\/wp-content\/uploads\/2025\/10\/harmonylife4.png\" class=\"attachment-full size-full wp-post-image\" alt=\"\" srcset=\"https:\/\/rizmir.com\/wp-content\/uploads\/2025\/10\/harmonylife4.png 596w, https:\/\/rizmir.com\/wp-content\/uploads\/2025\/10\/harmonylife4-300x250.png 300w\" sizes=\"auto, (max-width: 596px) 100vw, 596px\" \/>\n    \t\t<div class=\"mkdf-pli-category-holder\">\n\t\t\t\t\t\t\t<a itemprop=\"url\" class=\"mkdf-pli-category\" href=\"https:\/\/rizmir.com\/index.php\/property-category\/seyrek-izmir\/\">SEYREK \/ \u0130ZM\u0130R<\/a>\n\t\t\t\t\t<\/div>\n\t    <\/div>\n<div class=\"mkdf-pli-text-holder\">\n\t<div class=\"mkdf-pli-text-wrapper\">\n\t\t<div class=\"mkdf-pli-text\">\n\t\t\t\t<h3 itemprop=\"name\" class=\"mkdf-pli-title entry-title\" >\n\t\tHarmony Life\t<\/h3>\n\n            \n\t\t\t\n\t\t\t\t<p itemprop=\"description\" class=\"mkdf-pli-excerpt\">Harmony Life, \u0130zmir\u2019in y\u00fckselen de\u011feri Seyrek\u2019te, 16 villadan olu\u015fan \u00f6zel bir ya\u015fam projes<\/p>\n\t\t<\/div>\n\t<\/div>\n<\/div>\t\t\n\t\t<a itemprop=\"url\" class=\"mkdf-pli-link mkdf-block-drag-link\" href=\"https:\/\/rizmir.com\/index.php\/property-item\/harmonylife-2\/\" target=\"_self\"><\/a>\n\t<\/div>\n<\/article><article class=\"mkdf-pl-item mkdf-item-space  post-1063 property-item type-property-item status-publish has-post-thumbnail hentry property-category-cigli-izmir\">\n\t<div class=\"mkdf-pl-item-inner\">\n\t\t<div class=\"mkdf-pli-image\">\n\t<img loading=\"lazy\" decoding=\"async\" width=\"2436\" height=\"1331\" src=\"https:\/\/rizmir.com\/wp-content\/uploads\/2025\/11\/rizmircadde-100.jpg\" class=\"attachment-full size-full wp-post-image\" alt=\"\" srcset=\"https:\/\/rizmir.com\/wp-content\/uploads\/2025\/11\/rizmircadde-100.jpg 2436w, https:\/\/rizmir.com\/wp-content\/uploads\/2025\/11\/rizmircadde-100-300x164.jpg 300w, https:\/\/rizmir.com\/wp-content\/uploads\/2025\/11\/rizmircadde-100-1024x560.jpg 1024w, https:\/\/rizmir.com\/wp-content\/uploads\/2025\/11\/rizmircadde-100-768x420.jpg 768w, https:\/\/rizmir.com\/wp-content\/uploads\/2025\/11\/rizmircadde-100-1536x839.jpg 1536w, https:\/\/rizmir.com\/wp-content\/uploads\/2025\/11\/rizmircadde-100-600x328.jpg 600w\" sizes=\"auto, (max-width: 2436px) 100vw, 2436px\" \/>\n    \t\t<div class=\"mkdf-pli-category-holder\">\n\t\t\t\t\t\t\t<a itemprop=\"url\" class=\"mkdf-pli-category\" href=\"https:\/\/rizmir.com\/index.php\/property-category\/cigli-izmir\/\">\u00c7\u0130\u011eL\u0130 \/ \u0130ZM\u0130R<\/a>\n\t\t\t\t\t<\/div>\n\t    <\/div>\n<div class=\"mkdf-pli-text-holder\">\n\t<div class=\"mkdf-pli-text-wrapper\">\n\t\t<div class=\"mkdf-pli-text\">\n\t\t\t\t<h3 itemprop=\"name\" class=\"mkdf-pli-title entry-title\" >\n\t\tRizmir Cadde\t<\/h3>\n\n            \n\t\t\t\n\t\t\t\t<p itemprop=\"description\" class=\"mkdf-pli-excerpt\">Rizmir Cadde: \u00c7i\u011fli Anadolu Caddesi\u2019nde; \u00f6zel vale hizmeti, spor salonu, sauna\u2013hamam, kafe al<\/p>\n\t\t<\/div>\n\t<\/div>\n<\/div>\t\t\n\t\t<a itemprop=\"url\" class=\"mkdf-pli-link mkdf-block-drag-link\" href=\"https:\/\/rizmir.com\/index.php\/property-item\/harmonylife\/\" target=\"_self\"><\/a>\n\t<\/div>\n<\/article>\t<\/div>\n\t\n\t<\/div>[\/vc_column][\/vc_row]<\/p>\n<\/div>","protected":false},"excerpt":{"rendered":"<p>[vc_row row_content_width=&#8221;grid&#8221; css=&#8221;.vc_custom_1513851833266{padding-bottom: 40px !important;}&#8221;][vc_column][\/vc_column][\/vc_row]<\/p>\n","protected":false},"author":1,"featured_media":0,"parent":1123,"menu_order":0,"comment_status":"closed","ping_status":"closed","template":"full-width.php","meta":{"footnotes":""},"class_list":["post-2729","page","type-page","status-publish","hentry"],"_links":{"self":[{"href":"https:\/\/rizmir.com\/index.php\/wp-json\/wp\/v2\/pages\/2729","targetHints":{"allow":["GET"]}}],"collection":[{"href":"https:\/\/rizmir.com\/index.php\/wp-json\/wp\/v2\/pages"}],"about":[{"href":"https:\/\/rizmir.com\/index.php\/wp-json\/wp\/v2\/types\/page"}],"author":[{"embeddable":true,"href":"https:\/\/rizmir.com\/index.php\/wp-json\/wp\/v2\/users\/1"}],"replies":[{"embeddable":true,"href":"https:\/\/rizmir.com\/index.php\/wp-json\/wp\/v2\/comments?post=2729"}],"version-history":[{"count":2,"href":"https:\/\/rizmir.com\/index.php\/wp-json\/wp\/v2\/pages\/2729\/revisions"}],"predecessor-version":[{"id":3567,"href":"https:\/\/rizmir.com\/index.php\/wp-json\/wp\/v2\/pages\/2729\/revisions\/3567"}],"up":[{"embeddable":true,"href":"https:\/\/rizmir.com\/index.php\/wp-json\/wp\/v2\/pages\/1123"}],"wp:attachment":[{"href":"https:\/\/rizmir.com\/index.php\/wp-json\/wp\/v2\/media?parent=2729"}],"curies":[{"name":"wp","href":"https:\/\/api.w.org\/{rel}","templated":true}]}}