{"id":3051,"date":"2017-12-21T08:35:08","date_gmt":"2017-12-21T08:35:08","guid":{"rendered":"http:\/\/kastell.mikado-themes.com\/?page_id=3051"},"modified":"2025-11-15T18:56:49","modified_gmt":"2025-11-15T18:56:49","slug":"anasayfa","status":"publish","type":"page","link":"https:\/\/rizmir.com\/","title":{"rendered":"Anasayfa"},"content":{"rendered":"<div class=\"wpb-content-wrapper\"><p>[vc_row][vc_column]<div class=\"mkdf-elements-holder   mkdf-one-column  mkdf-responsive-mode-768 \" ><div class=\"mkdf-eh-item    \"  data-item-class=\"mkdf-eh-custom-2185\" data-680=\"0 20px\">\n\t<div class=\"mkdf-eh-item-inner\">\n\t\t<div class=\"mkdf-eh-item-content mkdf-eh-custom-2185\" style=\"padding: 0 40px\">\n\t\t\t[rev_slider_vc alias=&#8221;main-home&#8221; enable_paspartu=&#8221;no&#8221;]\t\t<\/div>\n\t<\/div>\n<\/div><\/div>[\/vc_column][\/vc_row][vc_row row_content_width=&#8221;grid&#8221; css=&#8221;.vc_custom_1759733553146{margin-top: 50px !important;padding-bottom: 20px !important;}&#8221;][vc_column offset=&#8221;vc_col-lg-6&#8243;]<div class=\"mkdf-elements-holder   mkdf-two-columns  mkdf-responsive-mode-1024 mkdf-one-column-alignment-left\" ><div class=\"mkdf-eh-item   mkdf-horizontal-alignment-center \"  data-item-class=\"mkdf-eh-custom-4956\" data-768-1024=\"0px 0px 0px 0px\" data-680-768=\"0px 0px 0px 0px\" data-680=\"0px 0px 0px 0px\">\n\t<div class=\"mkdf-eh-item-inner\">\n\t\t<div class=\"mkdf-eh-item-content mkdf-eh-custom-4956\" style=\"padding: 0px 0px 0px 60px\">\n\t\t\t[vc_single_image image=&#8221;3431&#8243; img_size=&#8221;full&#8221; alignment=&#8221;center&#8221; css=&#8221;&#8221;]\t\t<\/div>\n\t<\/div>\n<\/div><\/div>[vc_empty_space][\/vc_column][vc_column offset=&#8221;vc_col-lg-6&#8243;]<div class=\"mkdf-elements-holder   mkdf-one-column  mkdf-responsive-mode-768 \" ><div class=\"mkdf-eh-item    \"  data-item-class=\"mkdf-eh-custom-1294\" data-1280-1600=\"40px 8% 0px 5px\" data-1024-1280=\"15px 0% 0px 12px\" data-768-1024=\"15px 0% 0px 12px\" data-680-768=\"15px 0% 0px 0px\" data-680=\"15px 0% 0px 0px\">\n\t<div class=\"mkdf-eh-item-inner\">\n\t\t<div class=\"mkdf-eh-item-content mkdf-eh-custom-1294\" style=\"padding: 32px 3% 0px 24px\">\n\t\t\t<div class=\"mkdf-section-title-holder  mkdf-st-standard mkdf-st-title-left mkdf-st-normal-space \" style=\"text-align: left\">\n\t<div class=\"mkdf-st-inner\">\n        \t\t\t\t\t<h1 class=\"mkdf-st-title\" >\n\t\t\t\tHikayemiz\t\t\t<\/h1>\n\t\t        \t\t\t<\/div>\n<\/div>[vc_empty_space height=&#8221;10px&#8221;][vc_column_text css=&#8221;&#8221;]<\/p>\n<p class=\"p1\">Her \u015fey, sa\u011flam temeller \u00fczerine kurulu bir g\u00fcven anlay\u0131\u015f\u0131yla ba\u015flad\u0131.<\/p>\n<p class=\"p1\">Yola \u00e7\u0131kt\u0131\u011f\u0131m\u0131z ilk g\u00fcnden bu yana, sadece yap\u0131lar de\u011fil; insanlar\u0131n i\u00e7inde huzurla ya\u015fayaca\u011f\u0131, kendini evinde hissedece\u011fi alanlar in\u015fa etmeyi hedefledik.<\/p>\n<p class=\"p1\">Zamanla edindi\u011fimiz tecr\u00fcbe, bizi modern in\u015faat teknolojileriyle bulu\u015fturdu. Bug\u00fcn Rizmir \u0130n\u015faat olarak, \u00e7a\u011f\u0131n yeniliklerini do\u011fayla uyumlu bir \u015fekilde harmanlayarak, <span class=\"s1\"><b>insan\u0131 merkeze alan yap\u0131lar<\/b><\/span> \u00fcretmeye devam ediyoruz.<\/p>\n<p class=\"p1\">Her projemizde, \u201c\u0130zmir\u2019e yak\u0131\u015f\u0131r yap\u0131lar\u201d ortaya koymak en b\u00fcy\u00fck ama\u00e7lar\u0131m\u0131zdan biri. Bu kente olan sevgimiz, bizi her zaman daha estetik, daha g\u00fc\u00e7l\u00fc ve daha ya\u015fanabilir projeler \u00fcretmeye te\u015fvik ediyor.<\/p>\n<p class=\"p1\">Biz Rizmir \u0130n\u015faat olarak, sadece binalar de\u011fil; <span class=\"s1\"><b>g\u00fcven, konfor ve ya\u015fam kalitesi<\/b><\/span> in\u015fa ediyoruz. Ge\u00e7mi\u015fin deneyimiyle gelece\u011fi \u015fekillendiriyor, do\u011faya ve insana sayg\u0131l\u0131 bir ya\u015fam\u0131n temellerini at\u0131yoruz.<\/p>\n<p>[\/vc_column_text]\t\t<\/div>\n\t<\/div>\n<\/div><\/div>[\/vc_column][\/vc_row][vc_row row_content_width=&#8221;grid&#8221; css=&#8221;.vc_custom_1513845077604{padding-top: 150px !important;padding-bottom: 120px !important;}&#8221;][vc_column]<div class=\"mkdf-property-info-holder\">\n                    <div class=\"mkdf-property-info-item\">\n                    <div class=\"mkdf-pi-main-content\">\n                        <div class=\"mkdf-pi-text\">\n                            \t<h1 itemprop=\"name\" class=\"mkdf-pi-title entry-title\" >\n\t\tHarmony Life\t<\/h1>\n\n                            \t<h5 itemprop=\"description\" class=\"mkdf-pi-excerpt\">Harmony Life, \u0130zmir\u2019in y\u00fckselen de\u011feri Seyrek\u2019te, 16 villadan olu\u015fan \u00f6zel bir ya\u015fam projesidir. Modern mimarisi, ferah alanlar\u0131 ve do\u011fayla uyumlu yap\u0131s\u0131yla sakin ve konforlu bir ya\u015fam sunar.<\/h5>\n\n                            <div class=\"mkdf-pi-read-more\">\n    <a itemprop=\"url\" href=\"https:\/\/rizmir.com\/index.php\/property-item\/harmonylife-2\/\" target=\"_self\"  class=\"mkdf-btn mkdf-btn-medium mkdf-btn-simple mkdf-btn-icon\"  >\n    <span class=\"mkdf-btn-text\">Projeye G\u00f6z At<\/span>\n    <span aria-hidden=\"true\" class=\"mkdf-icon-font-elegant arrow_carrot-2right \" ><\/span><\/a><\/div>                        <\/div>\n                            <div class=\"mkdf-pi-image\">\n\t<img loading=\"lazy\" decoding=\"async\" width=\"596\" height=\"496\" src=\"https:\/\/rizmir.com\/wp-content\/uploads\/2025\/10\/harmonylife4.png\" class=\"attachment-kastell_mkdf_huge size-kastell_mkdf_huge wp-post-image\" alt=\"\" srcset=\"https:\/\/rizmir.com\/wp-content\/uploads\/2025\/10\/harmonylife4.png 596w, https:\/\/rizmir.com\/wp-content\/uploads\/2025\/10\/harmonylife4-300x250.png 300w\" sizes=\"auto, (max-width: 596px) 100vw, 596px\" \/><\/div>                    <\/div>\n                        \n<div class=\"mkdf-pi-feature-slider\">\n            <div class=\"mkdf-pi-feature-item\">\n            <div class=\"mkdf-pifi-image\">\n                <img loading=\"lazy\" decoding=\"async\" width=\"90\" height=\"86\" src=\"https:\/\/rizmir.com\/wp-content\/uploads\/2017\/11\/property-features-icon-2.png\" class=\"attachment-thumbnail size-thumbnail\" alt=\"a\" \/>            <\/div>\n            <div class=\"mkdf-pifi-content\">\n                <h2 class=\"mkdf-pifi-title\">\n                    Zarafet                <\/h2>\n                <h5 class=\"mkdf-pifi-excerpt\">\n                    Estetik Ya\u015fam Alan\u0131                <\/h5>\n            <\/div>\n        <\/div>\n            <div class=\"mkdf-pi-feature-item\">\n            <div class=\"mkdf-pifi-image\">\n                <img loading=\"lazy\" decoding=\"async\" width=\"90\" height=\"86\" src=\"https:\/\/rizmir.com\/wp-content\/uploads\/2017\/11\/property-features-icon-3.png\" class=\"attachment-thumbnail size-thumbnail\" alt=\"a\" \/>            <\/div>\n            <div class=\"mkdf-pifi-content\">\n                <h2 class=\"mkdf-pifi-title\">\n                    Huzur                <\/h2>\n                <h5 class=\"mkdf-pifi-excerpt\">\n                    \u00d6zel Havuz Ve Bah\u00e7e                <\/h5>\n            <\/div>\n        <\/div>\n            <div class=\"mkdf-pi-feature-item\">\n            <div class=\"mkdf-pifi-image\">\n                <img loading=\"lazy\" decoding=\"async\" width=\"90\" height=\"86\" src=\"https:\/\/rizmir.com\/wp-content\/uploads\/2017\/11\/property-features-icon-8.png\" class=\"attachment-thumbnail size-thumbnail\" alt=\"a\" \/>            <\/div>\n            <div class=\"mkdf-pifi-content\">\n                <h2 class=\"mkdf-pifi-title\">\n                    L\u00fcks                <\/h2>\n                <h5 class=\"mkdf-pifi-excerpt\">\n                    Jakuzi &amp; Sauna                <\/h5>\n            <\/div>\n        <\/div>\n            <div class=\"mkdf-pi-feature-item\">\n            <div class=\"mkdf-pifi-image\">\n                <img loading=\"lazy\" decoding=\"async\" width=\"90\" height=\"86\" src=\"https:\/\/rizmir.com\/wp-content\/uploads\/2017\/11\/property-features-icon-9.png\" class=\"attachment-thumbnail size-thumbnail\" alt=\"a\" \/>            <\/div>\n            <div class=\"mkdf-pifi-content\">\n                <h2 class=\"mkdf-pifi-title\">\n                    1.S\u0131n\u0131f                <\/h2>\n                <h5 class=\"mkdf-pifi-excerpt\">\n                    Malzeme                <\/h5>\n            <\/div>\n        <\/div>\n    <\/div>                <\/div>\n    <\/div>\n[\/vc_column][\/vc_row][vc_row row_content_width=&#8221;grid&#8221; css=&#8221;.vc_custom_1513845077604{padding-top: 150px !important;padding-bottom: 120px !important;}&#8221;][vc_column]<div class=\"mkdf-property-info-holder\">\n                    <div class=\"mkdf-property-info-item\">\n                    <div class=\"mkdf-pi-main-content\">\n                        <div class=\"mkdf-pi-text\">\n                            \t<h1 itemprop=\"name\" class=\"mkdf-pi-title entry-title\" >\n\t\tSun Rezidans\t<\/h1>\n\n                            \t<h5 itemprop=\"description\" class=\"mkdf-pi-excerpt\">Modern mimari ile ya\u015fam konforunun kesi\u015fim adresi. 45 Daire + d\u00fckkanlar ile Sun Rezidans projesinde \u00e7ok yak\u0131nda anahtar teslimi yap\u0131lacakt\u0131r. Katip \u00c7elebi \u00dcniversitesi ve kolejler b\u00f6lgesinde.<\/h5>\n\n                            <div class=\"mkdf-pi-read-more\">\n    <a itemprop=\"url\" href=\"https:\/\/rizmir.com\/index.php\/property-item\/sun-rezidans\/\" target=\"_self\"  class=\"mkdf-btn mkdf-btn-medium mkdf-btn-simple mkdf-btn-icon\"  >\n    <span class=\"mkdf-btn-text\">Projeye G\u00f6z At<\/span>\n    <span aria-hidden=\"true\" class=\"mkdf-icon-font-elegant arrow_carrot-2right \" ><\/span><\/a><\/div>                        <\/div>\n                            <div class=\"mkdf-pi-image\">\n\t<img loading=\"lazy\" decoding=\"async\" width=\"1100\" height=\"1100\" src=\"https:\/\/rizmir.com\/wp-content\/uploads\/2025\/10\/sunrezidansitem-1100x1100.png\" class=\"attachment-kastell_mkdf_huge size-kastell_mkdf_huge wp-post-image\" alt=\"\" srcset=\"https:\/\/rizmir.com\/wp-content\/uploads\/2025\/10\/sunrezidansitem-1100x1100.png 1100w, https:\/\/rizmir.com\/wp-content\/uploads\/2025\/10\/sunrezidansitem-150x150.png 150w, https:\/\/rizmir.com\/wp-content\/uploads\/2025\/10\/sunrezidansitem-550x550.png 550w, https:\/\/rizmir.com\/wp-content\/uploads\/2025\/10\/sunrezidansitem-300x300.png 300w, https:\/\/rizmir.com\/wp-content\/uploads\/2025\/10\/sunrezidansitem-100x100.png 100w\" sizes=\"auto, (max-width: 1100px) 100vw, 1100px\" \/><\/div>                    <\/div>\n                        \n<div class=\"mkdf-pi-feature-slider\">\n            <div class=\"mkdf-pi-feature-item\">\n            <div class=\"mkdf-pifi-image\">\n                <img loading=\"lazy\" decoding=\"async\" width=\"90\" height=\"86\" src=\"https:\/\/rizmir.com\/wp-content\/uploads\/2017\/11\/property-features-icon-1.png\" class=\"attachment-thumbnail size-thumbnail\" alt=\"a\" \/>            <\/div>\n            <div class=\"mkdf-pifi-content\">\n                <h2 class=\"mkdf-pifi-title\">\n                    Kapal\u0131                <\/h2>\n                <h5 class=\"mkdf-pifi-excerpt\">\n                    Park Alan\u0131                <\/h5>\n            <\/div>\n        <\/div>\n            <div class=\"mkdf-pi-feature-item\">\n            <div class=\"mkdf-pifi-image\">\n                <img loading=\"lazy\" decoding=\"async\" width=\"90\" height=\"86\" src=\"https:\/\/rizmir.com\/wp-content\/uploads\/2017\/11\/property-features-icon-2.png\" class=\"attachment-thumbnail size-thumbnail\" alt=\"a\" \/>            <\/div>\n            <div class=\"mkdf-pifi-content\">\n                <h2 class=\"mkdf-pifi-title\">\n                    45                <\/h2>\n                <h5 class=\"mkdf-pifi-excerpt\">\n                    Daire                <\/h5>\n            <\/div>\n        <\/div>\n            <div class=\"mkdf-pi-feature-item\">\n            <div class=\"mkdf-pifi-image\">\n                <img loading=\"lazy\" decoding=\"async\" width=\"90\" height=\"86\" src=\"https:\/\/rizmir.com\/wp-content\/uploads\/2017\/11\/property-features-icon-3.png\" class=\"attachment-thumbnail size-thumbnail\" alt=\"a\" \/>            <\/div>\n            <div class=\"mkdf-pifi-content\">\n                <h2 class=\"mkdf-pifi-title\">\n                    100 m\u00b2                <\/h2>\n                <h5 class=\"mkdf-pifi-excerpt\">\n                    Ye\u015fil Alan                <\/h5>\n            <\/div>\n        <\/div>\n    <\/div>                <\/div>\n    <\/div>\n[\/vc_column][\/vc_row][vc_row row_content_width=&#8221;grid&#8221; css=&#8221;.vc_custom_1513845077604{padding-top: 150px !important;padding-bottom: 120px !important;}&#8221;][vc_column]<div class=\"mkdf-property-info-holder\">\n                    <div class=\"mkdf-property-info-item\">\n                    <div class=\"mkdf-pi-main-content\">\n                        <div class=\"mkdf-pi-text\">\n                            \t<h1 itemprop=\"name\" class=\"mkdf-pi-title entry-title\" >\n\t\tRizmir Cadde\t<\/h1>\n\n                            \t<h5 itemprop=\"description\" class=\"mkdf-pi-excerpt\">Rizmir Cadde: \u00c7i\u011fli Anadolu Caddesi\u2019nde; \u00f6zel vale hizmeti, spor salonu, sauna\u2013hamam, kafe alanlar\u0131 ve a\u00e7\u0131k y\u00fczme havuzuyla modern ya\u015fam\u0131 bir arada sunan prestijli rezidans projesi.<\/h5>\n\n                            <div class=\"mkdf-pi-read-more\">\n    <a itemprop=\"url\" href=\"https:\/\/rizmir.com\/index.php\/property-item\/harmonylife\/\" target=\"_self\"  class=\"mkdf-btn mkdf-btn-medium mkdf-btn-simple mkdf-btn-icon\"  >\n    <span class=\"mkdf-btn-text\">Projeye G\u00f6z At<\/span>\n    <span aria-hidden=\"true\" class=\"mkdf-icon-font-elegant arrow_carrot-2right \" ><\/span><\/a><\/div>                        <\/div>\n                            <div class=\"mkdf-pi-image\">\n\t<img loading=\"lazy\" decoding=\"async\" width=\"1100\" height=\"1100\" src=\"https:\/\/rizmir.com\/wp-content\/uploads\/2025\/11\/rizmircadde-100-1100x1100.jpg\" class=\"attachment-kastell_mkdf_huge size-kastell_mkdf_huge wp-post-image\" alt=\"\" srcset=\"https:\/\/rizmir.com\/wp-content\/uploads\/2025\/11\/rizmircadde-100-1100x1100.jpg 1100w, https:\/\/rizmir.com\/wp-content\/uploads\/2025\/11\/rizmircadde-100-150x150.jpg 150w, https:\/\/rizmir.com\/wp-content\/uploads\/2025\/11\/rizmircadde-100-550x550.jpg 550w, https:\/\/rizmir.com\/wp-content\/uploads\/2025\/11\/rizmircadde-100-300x300.jpg 300w, https:\/\/rizmir.com\/wp-content\/uploads\/2025\/11\/rizmircadde-100-100x100.jpg 100w\" sizes=\"auto, (max-width: 1100px) 100vw, 1100px\" \/><\/div>                    <\/div>\n                        \n<div class=\"mkdf-pi-feature-slider\">\n            <div class=\"mkdf-pi-feature-item\">\n            <div class=\"mkdf-pifi-image\">\n                <img loading=\"lazy\" decoding=\"async\" width=\"90\" height=\"86\" src=\"https:\/\/rizmir.com\/wp-content\/uploads\/2017\/11\/property-features-icon-2.png\" class=\"attachment-thumbnail size-thumbnail\" alt=\"a\" \/>            <\/div>\n            <div class=\"mkdf-pifi-content\">\n                <h2 class=\"mkdf-pifi-title\">\n                    Zarafet                <\/h2>\n                <h5 class=\"mkdf-pifi-excerpt\">\n                    Estetik Ya\u015fam Alan\u0131                <\/h5>\n            <\/div>\n        <\/div>\n            <div class=\"mkdf-pi-feature-item\">\n            <div class=\"mkdf-pifi-image\">\n                <img loading=\"lazy\" decoding=\"async\" width=\"90\" height=\"86\" src=\"https:\/\/rizmir.com\/wp-content\/uploads\/2017\/11\/property-features-icon-3.png\" class=\"attachment-thumbnail size-thumbnail\" alt=\"a\" \/>            <\/div>\n            <div class=\"mkdf-pifi-content\">\n                <h2 class=\"mkdf-pifi-title\">\n                    Huzur                <\/h2>\n                <h5 class=\"mkdf-pifi-excerpt\">\n                    \u00d6zel Havuz Ve Bah\u00e7e                <\/h5>\n            <\/div>\n        <\/div>\n            <div class=\"mkdf-pi-feature-item\">\n            <div class=\"mkdf-pifi-image\">\n                <img loading=\"lazy\" decoding=\"async\" width=\"90\" height=\"86\" src=\"https:\/\/rizmir.com\/wp-content\/uploads\/2017\/11\/property-features-icon-7.png\" class=\"attachment-thumbnail size-thumbnail\" alt=\"a\" \/>            <\/div>\n            <div class=\"mkdf-pifi-content\">\n                <h2 class=\"mkdf-pifi-title\">\n                    1.S\u0131n\u0131f                <\/h2>\n                <h5 class=\"mkdf-pifi-excerpt\">\n                    Malzeme                <\/h5>\n            <\/div>\n        <\/div>\n            <div class=\"mkdf-pi-feature-item\">\n            <div class=\"mkdf-pifi-image\">\n                            <\/div>\n            <div class=\"mkdf-pifi-content\">\n                <h2 class=\"mkdf-pifi-title\">\n                                    <\/h2>\n                <h5 class=\"mkdf-pifi-excerpt\">\n                                    <\/h5>\n            <\/div>\n        <\/div>\n    <\/div>                <\/div>\n    <\/div>\n[\/vc_column][\/vc_row][vc_row row_content_width=&#8221;grid&#8221; content_text_aligment=&#8221;center&#8221; css=&#8221;.vc_custom_1513348780914{padding-top: 143px !important;padding-bottom: 145px !important;}&#8221; simple_background_color=&#8221;#ffffff&#8221;][vc_column]<div class=\"mkdf-elements-holder   mkdf-one-column  mkdf-responsive-mode-768 \" ><div class=\"mkdf-eh-item    \"  data-item-class=\"mkdf-eh-custom-8411\" data-1280-1600=\"0% 6%\" data-1024-1280=\"0% 5%\" data-768-1024=\"0% 5%\" data-680-768=\"0% 0%\" data-680=\"0% 0%\">\n\t<div class=\"mkdf-eh-item-inner\">\n\t\t<div class=\"mkdf-eh-item-content mkdf-eh-custom-8411\" style=\"padding: 0% 13%\">\n\t\t\t<div class=\"mkdf-section-title-holder  mkdf-st-standard mkdf-st-title-left mkdf-st-normal-space \" style=\"text-align: center\">\n\t<div class=\"mkdf-st-inner\">\n                    <h6 class=\"mkdf-st-subtitle\" >\n                \u0130leti\u015fim            <\/h6>\n        \t\t\t\t\t<h1 class=\"mkdf-st-title\" >\n\t\t\t\tNeler Yap\u0131yoruz ?\t\t\t<\/h1>\n\t\t        <div class=\"mkdf-svg-separator-holder mkdf-svg-separator-small\">\n    <div class=\"mkdf-svg-separator mkdf-svg-frames-class\" data-svg-frames=\"15\" data-svg-drawing=\"yes\" >\n        <svg version=\"1.1\"  id=\"layer_291\" xmlns=\"http:\/\/www.w3.org\/2000\/svg\" xmlns:xlink=\"http:\/\/www.w3.org\/1999\/xlink\" x=\"0px\" y=\"0px\"\n             width=\"65.167px\" height=\"11.917px\" viewBox=\"0 0 65.167 11.917\" enable-background=\"new 0 0 65.167 11.917\" xml:space=\"preserve\">\n            <path fill=\"none\" stroke=\"#010101\" stroke-width=\"1\" stroke-miterlimit=\"3\" d=\"M1.045,9.833 9.295,2.083 17.295,9.833\n            24.295,2.083 32.291,9.833 39.294,2.083 47.294,9.833 54.294,2.083 64.287,9.833 \"\/>\n        <\/svg>\n    <\/div>\n<\/div>\t\t\t<\/div>\n<\/div>[vc_empty_space height=&#8221;10px&#8221;][vc_column_text css=&#8221;.vc_custom_1759725822720{padding-right: 50px !important;padding-left: 50px !important;}&#8221;]<\/p>\n<div class=\"wpb_text_column wpb_content_element vc_custom_1651728190444\">\n<div class=\"wpb_wrapper\">\n<h5 style=\"text-align: center;\">\u00d6zellikle ba\u015fta g\u00fczide \u015fehrimiz \u0130zmir olmak \u00fczere T\u00fcrkiye\u2019de in\u015faat ve sanayi sekt\u00f6r\u00fcnde faaliyet g\u00f6stermekteyiz. Y\u0131llar\u0131n i\u015f deneyimi ile modern mimari ilkelerini takip ederek her ge\u00e7en g\u00fcn daha iyisini yapmak ve kendimizi geli\u015ftirmek i\u00e7in \u00e7al\u0131\u015fmaktay\u0131z. Bizi takip etmeyi unutmay\u0131n.<\/h5>\n<\/div>\n<\/div>\n<p>[\/vc_column_text][vc_empty_space height=&#8221;55px&#8221;]<a itemprop=\"url\" href=\"https:\/\/rizmir.com\/index.php\/iletisim\/\" target=\"_self\"  class=\"mkdf-btn mkdf-btn-medium mkdf-btn-solid mkdf-btn-icon\"  >\n    <span class=\"mkdf-btn-text\">\u0130leti\u015fime Ge\u00e7<\/span>\n    <span aria-hidden=\"true\" class=\"mkdf-icon-font-elegant arrow_carrot-2right \" ><\/span><\/a>\t\t<\/div>\n\t<\/div>\n<\/div><\/div>[\/vc_column][\/vc_row][vc_row css=&#8221;.vc_custom_1512045081665{padding-right: 30px !important;padding-left: 30px !important;}&#8221; simple_background_color=&#8221;#ffffff&#8221;][vc_column][vc_goo_maps location=&#8221;Mansuro\u011flu, Manas Blv. No: 10 Kat: 4, Daire: 72, 35535 Bayrakl\u0131\/\u0130zmir&#8221; height=&#8221;400&#8243; zoom=&#8221;15&#8243; css=&#8221;&#8221;][\/vc_column][\/vc_row]<\/p>\n<\/div>","protected":false},"excerpt":{"rendered":"<p>[vc_row][vc_column][\/vc_column][\/vc_row][vc_row row_content_width=&#8221;grid&#8221; css=&#8221;.vc_custom_1759733553146{margin-top: 50px !important;padding-bottom: 20px !important;}&#8221;][vc_column offset=&#8221;vc_col-lg-6&#8243;][vc_empty_space][\/vc_column][vc_column offset=&#8221;vc_col-lg-6&#8243;][\/vc_column][\/vc_row][vc_row row_content_width=&#8221;grid&#8221; css=&#8221;.vc_custom_1513845077604{padding-top: 150px !important;padding-bottom: 120px !important;}&#8221;][vc_column][\/vc_column][\/vc_row][vc_row row_content_width=&#8221;grid&#8221; css=&#8221;.vc_custom_1513845077604{padding-top: 150px !important;padding-bottom: 120px !important;}&#8221;][vc_column][\/vc_column][\/vc_row][vc_row row_content_width=&#8221;grid&#8221; css=&#8221;.vc_custom_1513845077604{padding-top: 150px !important;padding-bottom: 120px !important;}&#8221;][vc_column][\/vc_column][\/vc_row][vc_row row_content_width=&#8221;grid&#8221; content_text_aligment=&#8221;center&#8221; css=&#8221;.vc_custom_1513348780914{padding-top: 143px !important;padding-bottom: 145px !important;}&#8221; simple_background_color=&#8221;#ffffff&#8221;][vc_column][\/vc_column][\/vc_row][vc_row css=&#8221;.vc_custom_1512045081665{padding-right: 30px !important;padding-left: 30px !important;}&#8221; simple_background_color=&#8221;#ffffff&#8221;][vc_column][vc_goo_maps location=&#8221;Mansuro\u011flu, Manas Blv. No: 10 Kat: 4, Daire: 72, [&hellip;]<\/p>\n","protected":false},"author":1,"featured_media":0,"parent":0,"menu_order":0,"comment_status":"closed","ping_status":"closed","template":"full-width.php","meta":{"footnotes":""},"class_list":["post-3051","page","type-page","status-publish","hentry"],"_links":{"self":[{"href":"https:\/\/rizmir.com\/index.php\/wp-json\/wp\/v2\/pages\/3051","targetHints":{"allow":["GET"]}}],"collection":[{"href":"https:\/\/rizmir.com\/index.php\/wp-json\/wp\/v2\/pages"}],"about":[{"href":"https:\/\/rizmir.com\/index.php\/wp-json\/wp\/v2\/types\/page"}],"author":[{"embeddable":true,"href":"https:\/\/rizmir.com\/index.php\/wp-json\/wp\/v2\/users\/1"}],"replies":[{"embeddable":true,"href":"https:\/\/rizmir.com\/index.php\/wp-json\/wp\/v2\/comments?post=3051"}],"version-history":[{"count":11,"href":"https:\/\/rizmir.com\/index.php\/wp-json\/wp\/v2\/pages\/3051\/revisions"}],"predecessor-version":[{"id":3547,"href":"https:\/\/rizmir.com\/index.php\/wp-json\/wp\/v2\/pages\/3051\/revisions\/3547"}],"wp:attachment":[{"href":"https:\/\/rizmir.com\/index.php\/wp-json\/wp\/v2\/media?parent=3051"}],"curies":[{"name":"wp","href":"https:\/\/api.w.org\/{rel}","templated":true}]}}