{"id":85,"date":"2017-11-17T09:39:00","date_gmt":"2017-11-17T09:39:00","guid":{"rendered":"http:\/\/kastell.mikado-themes.com\/?page_id=85"},"modified":"2025-10-06T06:51:37","modified_gmt":"2025-10-06T06:51:37","slug":"iletisim","status":"publish","type":"page","link":"https:\/\/rizmir.com\/index.php\/iletisim\/","title":{"rendered":"\u0130leti\u015fim"},"content":{"rendered":"<div class=\"wpb-content-wrapper\"><p>[vc_row row_content_width=&#8221;grid&#8221; content_text_aligment=&#8221;left&#8221; css=&#8221;.vc_custom_1512660549180{padding-top: 50px !important;padding-bottom: 100px !important;}&#8221;][vc_column offset=&#8221;vc_col-lg-6&#8243;][vc_goo_maps location=&#8221;Mansuro\u011flu, Manas Blv. No: 10 Kat: 4, Daire: 72, 35535 Bayrakl\u0131\/\u0130zmir&#8221; zoom=&#8221;15&#8243; css=&#8221;&#8221;][vc_empty_space height=&#8221;50px&#8221;]<div class=\"mkdf-call-to-action-holder  mkdf-simple-layout \">\n\t<div class=\"mkdf-cta-inner \">\n\t\t<div class=\"mkdf-cta-text-holder\">\n\t\t\t<div class=\"mkdf-cta-text\">\n<p style=\"text-align: center;\"><strong><span dir=\"auto\" style=\"vertical-align: inherit;\"><span dir=\"auto\" style=\"vertical-align: inherit;\"><span dir=\"auto\" style=\"vertical-align: inherit;\"><span dir=\"auto\" style=\"vertical-align: inherit;\"><span dir=\"auto\" style=\"vertical-align: inherit;\"><span dir=\"auto\" style=\"vertical-align: inherit;\">Sorular\u0131n\u0131z \u0130\u00e7in Bizi Aray\u0131n<\/span><\/span><\/span><\/span><\/span><\/span><\/strong><\/p>\n<\/div>\n\t\t<\/div>\n\t\t<div class=\"mkdf-cta-button-holder\" >\n\t\t\t<div class=\"mkdf-cta-button\"><a itemprop=\"url\" href=\"tel:08503350053\" target=\"_self\"  class=\"mkdf-btn mkdf-btn-medium mkdf-btn-solid\"  >    <span class=\"mkdf-btn-text\">0850 335 00 53<\/span>    <\/a><\/div>\n\t\t<\/div>\n\t<\/div>\n<\/div>[vc_empty_space height=&#8221;30px&#8221;][\/vc_column][vc_column offset=&#8221;vc_col-lg-6&#8243;]<div class=\"mkdf-elements-holder   mkdf-one-column  mkdf-responsive-mode-768 \" ><div class=\"mkdf-eh-item    \"  data-item-class=\"mkdf-eh-custom-2498\">\n\t<div class=\"mkdf-eh-item-inner\">\n\t\t<div class=\"mkdf-eh-item-content mkdf-eh-custom-2498\" style=\"padding: 0 0 0 5%\">\n\t\t\t<div class=\"mkdf-section-title-holder  mkdf-st-standard mkdf-st-title-left mkdf-st-normal-space \" style=\"text-align: left\">\n\t<div class=\"mkdf-st-inner\">\n        \t\t\t\t\t<h1 class=\"mkdf-st-title\" >\n\t\t\t\t\u0130leti\u015fime Ge\u00e7\t\t\t<\/h1>\n\t\t        \t\t\t\t\t<p class=\"mkdf-st-text\" >\n\t\t\t\tRizmir \u0130n\u015faat olarak, t\u00fcm proje ve hizmetlerimizle ilgili sorular\u0131n\u0131z, i\u015f birli\u011fi teklifleri veya bilgi talepleriniz i\u00e7in bizimle ileti\u015fime ge\u00e7ebilirsiniz. Uzman ekibimiz, size en k\u0131sa s\u00fcrede d\u00f6n\u00fc\u015f yaparak ihtiya\u00e7 duydu\u011funuz t\u00fcm detaylar\u0131 payla\u015fmaktan memnuniyet duyar.\t\t\t<\/p>\n\t\t\t<\/div>\n<\/div>[vc_empty_space height=&#8221;24px&#8221;]\n<div class=\"wpcf7 no-js\" id=\"wpcf7-f3256-o1\" lang=\"en-US\" dir=\"ltr\" data-wpcf7-id=\"3256\">\n<div class=\"screen-reader-response\"><p role=\"status\" aria-live=\"polite\" aria-atomic=\"true\"><\/p> <ul><\/ul><\/div>\n<form action=\"\/index.php\/wp-json\/wp\/v2\/pages\/85#wpcf7-f3256-o1\" method=\"post\" class=\"wpcf7-form init\" aria-label=\"Contact form\" novalidate=\"novalidate\" data-status=\"init\">\n<fieldset class=\"hidden-fields-container\"><input type=\"hidden\" name=\"_wpcf7\" value=\"3256\" \/><input type=\"hidden\" name=\"_wpcf7_version\" value=\"6.1.2\" \/><input type=\"hidden\" name=\"_wpcf7_locale\" value=\"en_US\" \/><input type=\"hidden\" name=\"_wpcf7_unit_tag\" value=\"wpcf7-f3256-o1\" \/><input type=\"hidden\" name=\"_wpcf7_container_post\" value=\"0\" \/><input type=\"hidden\" name=\"_wpcf7_posted_data_hash\" value=\"\" \/>\n<\/fieldset>\n<div class=\"mkdf-grid-row mkdf-grid-small-gutter\">\n\t<div class=\"mkdf-grid-col-6\">\n\t\t<p><span class=\"wpcf7-form-control-wrap\" data-name=\"your-name\"><input size=\"40\" maxlength=\"400\" class=\"wpcf7-form-control wpcf7-text wpcf7-validates-as-required\" aria-required=\"true\" aria-invalid=\"false\" placeholder=\"Ad\u0131n\u0131z*\" value=\"\" type=\"text\" name=\"your-name\" \/><\/span>\n\t\t<\/p>\n\t<\/div>\n\t<div class=\"mkdf-grid-col-6\">\n\t\t<p><span class=\"wpcf7-form-control-wrap\" data-name=\"your-email\"><input size=\"40\" maxlength=\"400\" class=\"wpcf7-form-control wpcf7-email wpcf7-validates-as-required wpcf7-text wpcf7-validates-as-email\" aria-required=\"true\" aria-invalid=\"false\" placeholder=\"Email*\" value=\"\" type=\"email\" name=\"your-email\" \/><\/span>\n\t\t<\/p>\n\t<\/div>\n\t<div class=\"mkdf-grid-col-12\">\n\t\t<p><span class=\"wpcf7-form-control-wrap\" data-name=\"your-message\"><textarea cols=\"40\" rows=\"10\" maxlength=\"2000\" class=\"wpcf7-form-control wpcf7-textarea\" aria-invalid=\"false\" placeholder=\"Size Nas\u0131l Yard\u0131mc\u0131 Olabiliriz ?\" name=\"your-message\"><\/textarea><\/span>\n\t\t<\/p>\n\t<\/div>\n\t<div class=\"mkdf-submit-wrapper\">\n\t\t<p><input class=\"wpcf7-form-control wpcf7-submit has-spinner\" type=\"submit\" value=\"G\u00f6nder\" \/><i class=\"arrow_carrot-2right\"><\/i>\n\t\t<\/p>\n\t<\/div>\n<\/div><div class=\"wpcf7-response-output\" aria-hidden=\"true\"><\/div>\n<\/form>\n<\/div>\n\t\t<\/div>\n\t<\/div>\n<\/div><\/div>[vc_empty_space height=&#8221;50px&#8221;][\/vc_column][\/vc_row]<\/p>\n<\/div>","protected":false},"excerpt":{"rendered":"<p>[vc_row row_content_width=&#8221;grid&#8221; content_text_aligment=&#8221;left&#8221; css=&#8221;.vc_custom_1512660549180{padding-top: 50px !important;padding-bottom: 100px !important;}&#8221;][vc_column offset=&#8221;vc_col-lg-6&#8243;][vc_goo_maps location=&#8221;Mansuro\u011flu, Manas Blv. No: 10 Kat: 4, Daire: 72, 35535 Bayrakl\u0131\/\u0130zmir&#8221; zoom=&#8221;15&#8243; css=&#8221;&#8221;][vc_empty_space height=&#8221;50px&#8221;][vc_empty_space height=&#8221;30px&#8221;][\/vc_column][vc_column offset=&#8221;vc_col-lg-6&#8243;][vc_empty_space height=&#8221;50px&#8221;][\/vc_column][\/vc_row]<\/p>\n","protected":false},"author":1,"featured_media":0,"parent":0,"menu_order":0,"comment_status":"closed","ping_status":"closed","template":"full-width.php","meta":{"footnotes":""},"class_list":["post-85","page","type-page","status-publish","hentry"],"_links":{"self":[{"href":"https:\/\/rizmir.com\/index.php\/wp-json\/wp\/v2\/pages\/85","targetHints":{"allow":["GET"]}}],"collection":[{"href":"https:\/\/rizmir.com\/index.php\/wp-json\/wp\/v2\/pages"}],"about":[{"href":"https:\/\/rizmir.com\/index.php\/wp-json\/wp\/v2\/types\/page"}],"author":[{"embeddable":true,"href":"https:\/\/rizmir.com\/index.php\/wp-json\/wp\/v2\/users\/1"}],"replies":[{"embeddable":true,"href":"https:\/\/rizmir.com\/index.php\/wp-json\/wp\/v2\/comments?post=85"}],"version-history":[{"count":6,"href":"https:\/\/rizmir.com\/index.php\/wp-json\/wp\/v2\/pages\/85\/revisions"}],"predecessor-version":[{"id":3545,"href":"https:\/\/rizmir.com\/index.php\/wp-json\/wp\/v2\/pages\/85\/revisions\/3545"}],"wp:attachment":[{"href":"https:\/\/rizmir.com\/index.php\/wp-json\/wp\/v2\/media?parent=85"}],"curies":[{"name":"wp","href":"https:\/\/api.w.org\/{rel}","templated":true}]}}